{"id":495,"date":"2024-04-27T13:11:46","date_gmt":"2024-04-27T11:11:46","guid":{"rendered":"https:\/\/cormbj.com\/?page_id=495"},"modified":"2024-04-28T13:10:41","modified_gmt":"2024-04-28T11:10:41","slug":"fondation-pro-congo","status":"publish","type":"page","link":"https:\/\/cormbj.com\/?page_id=495","title":{"rendered":"Fondation\u00a0Pro Congo"},"content":{"rendered":"\t\t<div data-elementor-type=\"wp-page\" data-elementor-id=\"495\" class=\"elementor elementor-495\" data-elementor-post-type=\"page\">\n\t\t\t\t<div class=\"elementor-element elementor-element-5a20ff52 e-con-full e-flex e-con e-parent\" data-id=\"5a20ff52\" data-element_type=\"container\" data-e-type=\"container\" data-settings=\"{&quot;background_background&quot;:&quot;classic&quot;}\">\n\t\t<div class=\"elementor-element elementor-element-142a8939 e-con-full e-flex e-con e-child\" data-id=\"142a8939\" data-element_type=\"container\" data-e-type=\"container\">\n\t\t\t\t<div class=\"elementor-element elementor-element-40360469 elementor-widget__width-inherit elementor-widget-divider--view-line elementor-invisible elementor-widget elementor-widget-divider\" data-id=\"40360469\" data-element_type=\"widget\" data-e-type=\"widget\" data-settings=\"{&quot;_animation&quot;:&quot;fadeInLeft&quot;}\" data-widget_type=\"divider.default\">\n\t\t\t\t<div class=\"elementor-widget-container\">\n\t\t\t\t\t\t\t<div class=\"elementor-divider\">\n\t\t\t<span class=\"elementor-divider-separator\">\n\t\t\t\t\t\t<\/span>\n\t\t<\/div>\n\t\t\t\t\t\t<\/div>\n\t\t\t\t<\/div>\n\t\t\t\t<div class=\"elementor-element elementor-element-31977971 elementor-widget__width-initial elementor-widget elementor-widget-heading\" data-id=\"31977971\" data-element_type=\"widget\" data-e-type=\"widget\" data-widget_type=\"heading.default\">\n\t\t\t\t<div class=\"elementor-widget-container\">\n\t\t\t\t\t<h2 class=\"elementor-heading-title elementor-size-default\">Fondation de fr\u00e8re Richard pour les malades du Congo<\/h2>\t\t\t\t<\/div>\n\t\t\t\t<\/div>\n\t\t\t\t<div class=\"elementor-element elementor-element-38d28336 elementor-widget__width-initial elementor-widget-tablet__width-inherit elementor-widget elementor-widget-text-editor\" data-id=\"38d28336\" data-element_type=\"widget\" data-e-type=\"widget\" data-widget_type=\"text-editor.default\">\n\t\t\t\t<div class=\"elementor-widget-container\">\n\t\t\t\t\t\t\t\t\t<p>La pr\u00e9sente fondation d\u00e9sire participer \u00e0 l&rsquo;important travail humanitaire accompli par le fr\u00e8re Richard au service de l&rsquo;une des cat\u00e9gories la plus d\u00e9munie de la soci\u00e9t\u00e9 congolaise, \u00e0 savoir les malades des yeux. Fr\u00e8re Richard est membre de la Communaut\u00e9 des B\u00e9atitudes et travaille depuis 15 ans en R\u00e9publique D\u00e9mocratique du Congo en tant que m\u00e9decin ophtalmologue. La Fondation de Fr\u00e8re Richard pour les Malades du Congo se fixe pour objectif de venir en aide par des moyens appropri\u00e9s aux malades du pays en situation de d\u00e9tresse afin de leur ouvrir l&rsquo;acc\u00e8s aux soins m\u00e9dicaux (acc\u00e8s aux m\u00e9dicaments, aux soins ambulants et \u00e0 l&rsquo;hospitalisation). Son but est d&rsquo;aider au d\u00e9veloppement des infrastructures m\u00e9dicales de la R\u00e9publique D\u00e9mocratique du Congo en participant \u00e0 l&rsquo;acquisition de mat\u00e9riel sp\u00e9cialis\u00e9, de mat\u00e9riel usager et de m\u00e9dicaments. La Fondation d\u00e9sire \u00e9galement promouvoir la collaboration et les \u00e9changes entre les m\u00e9decins hongrois et congolais, ainsi que la formation des m\u00e9decins et des infirmiers sp\u00e9cialis\u00e9s travaillant sur le territoire du Congo.<\/p>\t\t\t\t\t\t\t\t<\/div>\n\t\t\t\t<\/div>\n\t\t\t\t<\/div>\n\t\t\t\t<div class=\"elementor-element elementor-element-8c97e5a elementor-widget__width-inherit elementor-invisible elementor-widget elementor-widget-image\" data-id=\"8c97e5a\" data-element_type=\"widget\" data-e-type=\"widget\" data-settings=\"{&quot;_animation&quot;:&quot;fadeInUp&quot;}\" data-widget_type=\"image.default\">\n\t\t\t\t<div class=\"elementor-widget-container\">\n\t\t\t\t\t\t\t\t\t\t\t\t\t\t\t<img fetchpriority=\"high\" decoding=\"async\" width=\"490\" height=\"327\" src=\"https:\/\/cormbj.com\/wp-content\/uploads\/2024\/04\/3RDCt1.jpg\" class=\"attachment-2048x2048 size-2048x2048 wp-image-501\" alt=\"\" srcset=\"https:\/\/cormbj.com\/wp-content\/uploads\/2024\/04\/3RDCt1.jpg 490w, https:\/\/cormbj.com\/wp-content\/uploads\/2024\/04\/3RDCt1-300x200.jpg 300w\" sizes=\"(max-width: 490px) 100vw, 490px\" \/>\t\t\t\t\t\t\t\t\t\t\t\t\t\t\t<\/div>\n\t\t\t\t<\/div>\n\t\t\t\t<div class=\"elementor-element elementor-element-ab9dce7 elementor-align-right elementor-mobile-align-center elementor-widget elementor-widget-button\" data-id=\"ab9dce7\" data-element_type=\"widget\" data-e-type=\"widget\" data-settings=\"{&quot;motion_fx_motion_fx_mouse&quot;:&quot;yes&quot;}\" data-widget_type=\"button.default\">\n\t\t\t\t<div class=\"elementor-widget-container\">\n\t\t\t\t\t\t\t\t\t<div class=\"elementor-button-wrapper\">\n\t\t\t\t\t<a class=\"elementor-button elementor-button-link elementor-size-sm\" href=\"https:\/\/www.procongo.hu\/index.php\/fr\/\" target=\"_blank\">\n\t\t\t\t\t\t<span class=\"elementor-button-content-wrapper\">\n\t\t\t\t\t\t\t\t\t<span class=\"elementor-button-text\">Voir site de la Fondation <\/span>\n\t\t\t\t\t<\/span>\n\t\t\t\t\t<\/a>\n\t\t\t\t<\/div>\n\t\t\t\t\t\t\t\t<\/div>\n\t\t\t\t<\/div>\n\t\t\t\t<\/div>\n\t\t\t\t<\/div>\n\t\t","protected":false},"excerpt":{"rendered":"<p>Fondation de fr\u00e8re Richard pour les malades du Congo La pr\u00e9sente fondation d\u00e9sire participer \u00e0 l&rsquo;important travail humanitaire accompli par le fr\u00e8re Richard au service de l&rsquo;une des cat\u00e9gories la plus d\u00e9munie de la soci\u00e9t\u00e9 congolaise, \u00e0 savoir les malades des yeux. Fr\u00e8re Richard est membre de la Communaut\u00e9 des B\u00e9atitudes et travaille depuis 15 [&hellip;]<\/p>\n","protected":false},"author":1,"featured_media":0,"parent":0,"menu_order":0,"comment_status":"closed","ping_status":"closed","template":"","meta":{"footnotes":""},"class_list":["post-495","page","type-page","status-publish","hentry"],"_links":{"self":[{"href":"https:\/\/cormbj.com\/index.php?rest_route=\/wp\/v2\/pages\/495","targetHints":{"allow":["GET"]}}],"collection":[{"href":"https:\/\/cormbj.com\/index.php?rest_route=\/wp\/v2\/pages"}],"about":[{"href":"https:\/\/cormbj.com\/index.php?rest_route=\/wp\/v2\/types\/page"}],"author":[{"embeddable":true,"href":"https:\/\/cormbj.com\/index.php?rest_route=\/wp\/v2\/users\/1"}],"replies":[{"embeddable":true,"href":"https:\/\/cormbj.com\/index.php?rest_route=%2Fwp%2Fv2%2Fcomments&post=495"}],"version-history":[{"count":14,"href":"https:\/\/cormbj.com\/index.php?rest_route=\/wp\/v2\/pages\/495\/revisions"}],"predecessor-version":[{"id":558,"href":"https:\/\/cormbj.com\/index.php?rest_route=\/wp\/v2\/pages\/495\/revisions\/558"}],"wp:attachment":[{"href":"https:\/\/cormbj.com\/index.php?rest_route=%2Fwp%2Fv2%2Fmedia&parent=495"}],"curies":[{"name":"wp","href":"https:\/\/api.w.org\/{rel}","templated":true}]}}