{"id":616,"date":"2026-02-27T15:11:50","date_gmt":"2026-02-27T14:11:50","guid":{"rendered":"https:\/\/cormbj.com\/?page_id=616"},"modified":"2026-03-12T11:35:35","modified_gmt":"2026-03-12T10:35:35","slug":"neuropathie-optique-toxique-alcoolo-tabagique","status":"publish","type":"page","link":"https:\/\/cormbj.com\/?page_id=616","title":{"rendered":"Neuropathie Optique Toxique Alcoolo-Tabagique"},"content":{"rendered":"\t\t<div data-elementor-type=\"wp-page\" data-elementor-id=\"616\" class=\"elementor elementor-616\" data-elementor-post-type=\"page\">\n\t\t\t\t<div class=\"elementor-element elementor-element-35aef809 e-con-full e-flex e-con e-parent\" data-id=\"35aef809\" data-element_type=\"container\" data-e-type=\"container\" data-settings=\"{&quot;background_background&quot;:&quot;classic&quot;}\">\n\t\t\t\t<div class=\"elementor-element elementor-element-45ab243 elementor-widget elementor-widget-heading\" data-id=\"45ab243\" data-element_type=\"widget\" data-e-type=\"widget\" data-widget_type=\"heading.default\">\n\t\t\t\t<div class=\"elementor-widget-container\">\n\t\t\t\t\t<h2 class=\"elementor-heading-title elementor-size-default\">Neuropathie Optique Toxique Alcoolo-Tabagique \u00e0 Mbuji-Mayi (R\u00e9publique D\u00e9mocratique du Congo)<\/h2>\t\t\t\t<\/div>\n\t\t\t\t<\/div>\n\t\t\t\t<div class=\"elementor-element elementor-element-7ef8112f elementor-align-center elementor-widget elementor-widget-post-info\" data-id=\"7ef8112f\" data-element_type=\"widget\" data-e-type=\"widget\" data-widget_type=\"post-info.default\">\n\t\t\t\t<div class=\"elementor-widget-container\">\n\t\t\t\t\t\t\t<ul class=\"elementor-inline-items elementor-icon-list-items elementor-post-info\">\n\t\t\t\t\t\t\t\t<li class=\"elementor-icon-list-item elementor-repeater-item-7f530f1 elementor-inline-item\">\n\t\t\t\t\t\t\t\t\t\t\t\t\t<span class=\"elementor-icon-list-text elementor-post-info__item elementor-post-info__item--type-custom\">\n\t\t\t\t\t\t\t\t\t\tMbuji Mayi, 25 Fevrier 2026\t\t\t\t\t<\/span>\n\t\t\t\t\t\t\t\t<\/li>\n\t\t\t\t<li class=\"elementor-icon-list-item elementor-repeater-item-6863c75 elementor-inline-item\">\n\t\t\t\t\t\t\t\t\t\t\t\t\t<span class=\"elementor-icon-list-text elementor-post-info__item elementor-post-info__item--type-custom\">\n\t\t\t\t\t\t\t\t\t\tDr Simon Pierre Kasongo \t\t\t\t\t<\/span>\n\t\t\t\t\t\t\t\t<\/li>\n\t\t\t\t<\/ul>\n\t\t\t\t\t\t<\/div>\n\t\t\t\t<\/div>\n\t\t\t\t<\/div>\n\t\t<div class=\"elementor-element elementor-element-1a9b0d7 e-con-full e-flex e-con e-parent\" data-id=\"1a9b0d7\" data-element_type=\"container\" data-e-type=\"container\">\n\t\t\t\t<div class=\"elementor-element elementor-element-771e5a3 elementor-widget elementor-widget-image\" data-id=\"771e5a3\" data-element_type=\"widget\" data-e-type=\"widget\" data-widget_type=\"image.default\">\n\t\t\t\t<div class=\"elementor-widget-container\">\n\t\t\t\t\t\t\t\t\t\t\t\t\t\t\t<img fetchpriority=\"high\" decoding=\"async\" width=\"800\" height=\"360\" src=\"https:\/\/cormbj.com\/wp-content\/uploads\/2026\/03\/WhatsApp-Image-2026-03-11-at-23.03.24-1024x461.jpeg\" class=\"attachment-large size-large wp-image-948\" alt=\"\" srcset=\"https:\/\/cormbj.com\/wp-content\/uploads\/2026\/03\/WhatsApp-Image-2026-03-11-at-23.03.24-1024x461.jpeg 1024w, https:\/\/cormbj.com\/wp-content\/uploads\/2026\/03\/WhatsApp-Image-2026-03-11-at-23.03.24-300x135.jpeg 300w, https:\/\/cormbj.com\/wp-content\/uploads\/2026\/03\/WhatsApp-Image-2026-03-11-at-23.03.24-768x346.jpeg 768w, https:\/\/cormbj.com\/wp-content\/uploads\/2026\/03\/WhatsApp-Image-2026-03-11-at-23.03.24.jpeg 1280w\" sizes=\"(max-width: 800px) 100vw, 800px\" \/>\t\t\t\t\t\t\t\t\t\t\t\t\t\t\t<\/div>\n\t\t\t\t<\/div>\n\t\t\t\t<div class=\"elementor-element elementor-element-beda0e0 elementor-widget-mobile__width-auto elementor-widget elementor-widget-text-editor\" data-id=\"beda0e0\" data-element_type=\"widget\" data-e-type=\"widget\" data-widget_type=\"text-editor.default\">\n\t\t\t\t<div class=\"elementor-widget-container\">\n\t\t\t\t\t\t\t\t\t<p>Une \u00e9tude r\u00e9alis\u00e9e \u00e0 la<strong> Clinique Ophtalmologique Saint Rapha\u00ebl de Mbuji-Mayi<\/strong>, par le <em>Dr Simon-Pierre Kasongo Builu<\/em>,\u00a0 en collaboration avec la<strong> Facult\u00e9 de M\u00e9decine de l\u2019Universit\u00e9 de Kinshasa<\/strong>, s\u2019est int\u00e9ress\u00e9e aux effets de la consommation d\u2019alcool artisanal et de tabac sur la sant\u00e9 du nerf optique. Dans un contexte o\u00f9 ces habitudes sont r\u00e9pandues, les chercheurs ont analys\u00e9 les possibles liens entre ces facteurs et certaines anomalies visuelles souvent m\u00e9connues.<\/p>\t\t\t\t\t\t\t\t<\/div>\n\t\t\t\t<\/div>\n\t\t<div class=\"elementor-element elementor-element-fe7a132 e-con-full e-flex e-con e-child\" data-id=\"fe7a132\" data-element_type=\"container\" data-e-type=\"container\">\n\t\t\t\t<div class=\"elementor-element elementor-element-500caa3 elementor-widget elementor-widget-image\" data-id=\"500caa3\" data-element_type=\"widget\" data-e-type=\"widget\" data-widget_type=\"image.default\">\n\t\t\t\t<div class=\"elementor-widget-container\">\n\t\t\t\t\t\t\t\t\t\t\t\t\t\t\t<img decoding=\"async\" width=\"800\" height=\"360\" src=\"https:\/\/cormbj.com\/wp-content\/uploads\/2026\/03\/WhatsApp-Image-2026-03-11-at-22.55.43-2.jpeg\" class=\"attachment-large size-large wp-image-941\" alt=\"\" srcset=\"https:\/\/cormbj.com\/wp-content\/uploads\/2026\/03\/WhatsApp-Image-2026-03-11-at-22.55.43-2.jpeg 1020w, https:\/\/cormbj.com\/wp-content\/uploads\/2026\/03\/WhatsApp-Image-2026-03-11-at-22.55.43-2-300x135.jpeg 300w, https:\/\/cormbj.com\/wp-content\/uploads\/2026\/03\/WhatsApp-Image-2026-03-11-at-22.55.43-2-768x346.jpeg 768w\" sizes=\"(max-width: 800px) 100vw, 800px\" \/>\t\t\t\t\t\t\t\t\t\t\t\t\t\t\t<\/div>\n\t\t\t\t<\/div>\n\t\t\t\t<div class=\"elementor-element elementor-element-1d82511 elementor-widget elementor-widget-image\" data-id=\"1d82511\" data-element_type=\"widget\" data-e-type=\"widget\" data-widget_type=\"image.default\">\n\t\t\t\t<div class=\"elementor-widget-container\">\n\t\t\t\t\t\t\t\t\t\t\t\t\t\t\t<img decoding=\"async\" width=\"800\" height=\"360\" src=\"https:\/\/cormbj.com\/wp-content\/uploads\/2026\/03\/WhatsApp-Image-2026-03-11-at-23.03.26-1.jpeg\" class=\"attachment-large size-large wp-image-952\" alt=\"\" srcset=\"https:\/\/cormbj.com\/wp-content\/uploads\/2026\/03\/WhatsApp-Image-2026-03-11-at-23.03.26-1.jpeg 1020w, https:\/\/cormbj.com\/wp-content\/uploads\/2026\/03\/WhatsApp-Image-2026-03-11-at-23.03.26-1-300x135.jpeg 300w, https:\/\/cormbj.com\/wp-content\/uploads\/2026\/03\/WhatsApp-Image-2026-03-11-at-23.03.26-1-768x346.jpeg 768w\" sizes=\"(max-width: 800px) 100vw, 800px\" \/>\t\t\t\t\t\t\t\t\t\t\t\t\t\t\t<\/div>\n\t\t\t\t<\/div>\n\t\t\t\t<\/div>\n\t\t\t\t<div class=\"elementor-element elementor-element-1b46a1c elementor-widget elementor-widget-text-editor\" data-id=\"1b46a1c\" data-element_type=\"widget\" data-e-type=\"widget\" data-widget_type=\"text-editor.default\">\n\t\t\t\t<div class=\"elementor-widget-container\">\n\t\t\t\t\t\t\t\t\t<p>Cette recherche, men\u00e9e aupr\u00e8s de <strong data-start=\"481\" data-end=\"500\">94 participants<\/strong>, a compar\u00e9 des consommateurs d\u2019alcool artisanal et\/ou de tabac \u00e0 des personnes non consommatrices. Les examens ophtalmologiques r\u00e9alis\u00e9s (champ visuel, vision des contrastes, vision des couleurs et OCT) ont permis d\u2019identifier des anomalies fonctionnelles et structurelles du nerf optique chez une proportion importante de consommateurs.<\/p>\t\t\t\t\t\t\t\t<\/div>\n\t\t\t\t<\/div>\n\t\t<div class=\"elementor-element elementor-element-390380c e-con-full e-flex e-con e-child\" data-id=\"390380c\" data-element_type=\"container\" data-e-type=\"container\">\n\t\t\t\t<div class=\"elementor-element elementor-element-32a4b80 elementor-widget elementor-widget-image\" data-id=\"32a4b80\" data-element_type=\"widget\" data-e-type=\"widget\" data-widget_type=\"image.default\">\n\t\t\t\t<div class=\"elementor-widget-container\">\n\t\t\t\t\t\t\t\t\t\t\t\t\t\t\t<img loading=\"lazy\" decoding=\"async\" width=\"800\" height=\"360\" src=\"https:\/\/cormbj.com\/wp-content\/uploads\/2026\/03\/WhatsApp-Image-2026-03-11-at-23.03.25-1-1024x461.jpeg\" class=\"attachment-large size-large wp-image-949\" alt=\"\" srcset=\"https:\/\/cormbj.com\/wp-content\/uploads\/2026\/03\/WhatsApp-Image-2026-03-11-at-23.03.25-1-1024x461.jpeg 1024w, https:\/\/cormbj.com\/wp-content\/uploads\/2026\/03\/WhatsApp-Image-2026-03-11-at-23.03.25-1-300x135.jpeg 300w, https:\/\/cormbj.com\/wp-content\/uploads\/2026\/03\/WhatsApp-Image-2026-03-11-at-23.03.25-1-768x346.jpeg 768w, https:\/\/cormbj.com\/wp-content\/uploads\/2026\/03\/WhatsApp-Image-2026-03-11-at-23.03.25-1.jpeg 1280w\" sizes=\"(max-width: 800px) 100vw, 800px\" \/>\t\t\t\t\t\t\t\t\t\t\t\t\t\t\t<\/div>\n\t\t\t\t<\/div>\n\t\t\t\t<div class=\"elementor-element elementor-element-fe5527e elementor-widget elementor-widget-image\" data-id=\"fe5527e\" data-element_type=\"widget\" data-e-type=\"widget\" data-widget_type=\"image.default\">\n\t\t\t\t<div class=\"elementor-widget-container\">\n\t\t\t\t\t\t\t\t\t\t\t\t\t\t\t<img loading=\"lazy\" decoding=\"async\" width=\"800\" height=\"360\" src=\"https:\/\/cormbj.com\/wp-content\/uploads\/2026\/03\/WhatsApp-Image-2026-03-11-at-22.55.44-2.jpeg\" class=\"attachment-large size-large wp-image-945\" alt=\"\" srcset=\"https:\/\/cormbj.com\/wp-content\/uploads\/2026\/03\/WhatsApp-Image-2026-03-11-at-22.55.44-2.jpeg 1020w, https:\/\/cormbj.com\/wp-content\/uploads\/2026\/03\/WhatsApp-Image-2026-03-11-at-22.55.44-2-300x135.jpeg 300w, https:\/\/cormbj.com\/wp-content\/uploads\/2026\/03\/WhatsApp-Image-2026-03-11-at-22.55.44-2-768x346.jpeg 768w\" sizes=\"(max-width: 800px) 100vw, 800px\" \/>\t\t\t\t\t\t\t\t\t\t\t\t\t\t\t<\/div>\n\t\t\t\t<\/div>\n\t\t\t\t<\/div>\n\t\t\t\t<div class=\"elementor-element elementor-element-6e36d3b elementor-widget elementor-widget-text-editor\" data-id=\"6e36d3b\" data-element_type=\"widget\" data-e-type=\"widget\" data-widget_type=\"text-editor.default\">\n\t\t\t\t<div class=\"elementor-widget-container\">\n\t\t\t\t\t\t\t\t\t<p>\u00c0 travers plusieurs examens ophtalmologiques sp\u00e9cialis\u00e9s, cette recherche met en lumi\u00e8re des observations importantes concernant la sant\u00e9 visuelle et soul\u00e8ve des questions majeures pour la pr\u00e9vention et le d\u00e9pistage dans notre r\u00e9gion.<\/p>\t\t\t\t\t\t\t\t<\/div>\n\t\t\t\t<\/div>\n\t\t<div class=\"elementor-element elementor-element-159b9fa e-con-full e-flex e-con e-child\" data-id=\"159b9fa\" data-element_type=\"container\" data-e-type=\"container\">\n\t\t\t\t<div class=\"elementor-element elementor-element-8fc8f1a elementor-widget elementor-widget-image\" data-id=\"8fc8f1a\" data-element_type=\"widget\" data-e-type=\"widget\" data-widget_type=\"image.default\">\n\t\t\t\t<div class=\"elementor-widget-container\">\n\t\t\t\t\t\t\t\t\t\t\t\t<figure class=\"wp-caption\">\n\t\t\t\t\t\t\t\t\t\t<img loading=\"lazy\" decoding=\"async\" width=\"800\" height=\"360\" src=\"https:\/\/cormbj.com\/wp-content\/uploads\/2026\/03\/WhatsApp-Image-2026-03-11-at-23.03.25-1024x461.jpeg\" class=\"attachment-large size-large wp-image-951\" alt=\"\" srcset=\"https:\/\/cormbj.com\/wp-content\/uploads\/2026\/03\/WhatsApp-Image-2026-03-11-at-23.03.25-1024x461.jpeg 1024w, https:\/\/cormbj.com\/wp-content\/uploads\/2026\/03\/WhatsApp-Image-2026-03-11-at-23.03.25-300x135.jpeg 300w, https:\/\/cormbj.com\/wp-content\/uploads\/2026\/03\/WhatsApp-Image-2026-03-11-at-23.03.25-768x346.jpeg 768w, https:\/\/cormbj.com\/wp-content\/uploads\/2026\/03\/WhatsApp-Image-2026-03-11-at-23.03.25.jpeg 1280w\" sizes=\"(max-width: 800px) 100vw, 800px\" \/>\t\t\t\t\t\t\t\t\t\t\t<figcaption class=\"widget-image-caption wp-caption-text\"><\/figcaption>\n\t\t\t\t\t\t\t\t\t\t<\/figure>\n\t\t\t\t\t\t\t\t\t<\/div>\n\t\t\t\t<\/div>\n\t\t\t\t<div class=\"elementor-element elementor-element-0afd312 elementor-widget elementor-widget-image\" data-id=\"0afd312\" data-element_type=\"widget\" data-e-type=\"widget\" data-widget_type=\"image.default\">\n\t\t\t\t<div class=\"elementor-widget-container\">\n\t\t\t\t\t\t\t\t\t\t\t\t\t\t\t<img loading=\"lazy\" decoding=\"async\" width=\"800\" height=\"360\" src=\"https:\/\/cormbj.com\/wp-content\/uploads\/2026\/03\/WhatsApp-Image-2026-03-11-at-22.55.43-1.jpeg\" class=\"attachment-large size-large wp-image-940\" alt=\"\" srcset=\"https:\/\/cormbj.com\/wp-content\/uploads\/2026\/03\/WhatsApp-Image-2026-03-11-at-22.55.43-1.jpeg 1020w, https:\/\/cormbj.com\/wp-content\/uploads\/2026\/03\/WhatsApp-Image-2026-03-11-at-22.55.43-1-300x135.jpeg 300w, https:\/\/cormbj.com\/wp-content\/uploads\/2026\/03\/WhatsApp-Image-2026-03-11-at-22.55.43-1-768x346.jpeg 768w\" sizes=\"(max-width: 800px) 100vw, 800px\" \/>\t\t\t\t\t\t\t\t\t\t\t\t\t\t\t<\/div>\n\t\t\t\t<\/div>\n\t\t\t\t<\/div>\n\t\t\t\t<div class=\"elementor-element elementor-element-1d77031 elementor-widget elementor-widget-text-editor\" data-id=\"1d77031\" data-element_type=\"widget\" data-e-type=\"widget\" data-widget_type=\"text-editor.default\">\n\t\t\t\t<div class=\"elementor-widget-container\">\n\t\t\t\t\t\t\t\t\t<p>Les r\u00e9sultats apportent des \u00e9l\u00e9ments nouveaux qui pourraient contribuer \u00e0 une meilleure compr\u00e9hension des atteintes du nerf optique et \u00e0 l\u2019am\u00e9lioration des strat\u00e9gies de sant\u00e9 publique. Les d\u00e9tails et r\u00e9sultats de la recherche sont \u00e0 d\u00e9couvrir dans le lien ci-dessous\u00a0<\/p>\t\t\t\t\t\t\t\t<\/div>\n\t\t\t\t<\/div>\n\t\t<div class=\"elementor-element elementor-element-902915b e-flex e-con-boxed e-con e-child\" data-id=\"902915b\" data-element_type=\"container\" data-e-type=\"container\">\n\t\t\t\t\t<div class=\"e-con-inner\">\n\t\t\t\t<div class=\"elementor-element elementor-element-87d6353 elementor-align-center elementor-widget elementor-widget-button\" data-id=\"87d6353\" data-element_type=\"widget\" data-e-type=\"widget\" data-widget_type=\"button.default\">\n\t\t\t\t<div class=\"elementor-widget-container\">\n\t\t\t\t\t\t\t\t\t<div class=\"elementor-button-wrapper\">\n\t\t\t\t\t<a class=\"elementor-button elementor-button-link elementor-size-sm elementor-animation-pulse-shrink\" href=\"https:\/\/cormbj.com\/wp-content\/uploads\/2026\/03\/015AOKASONGONEUROOPHTmonPierre_vvvokttt.pdf\" target=\"_blank\">\n\t\t\t\t\t\t<span class=\"elementor-button-content-wrapper\">\n\t\t\t\t\t\t\t\t\t<span class=\"elementor-button-text\">Cliquez ici pour Lire l\u2019article scientifique complet<\/span>\n\t\t\t\t\t<\/span>\n\t\t\t\t\t<\/a>\n\t\t\t\t<\/div>\n\t\t\t\t\t\t\t\t<\/div>\n\t\t\t\t<\/div>\n\t\t\t\t\t<\/div>\n\t\t\t\t<\/div>\n\t\t\t\t<\/div>\n\t\t\t\t<\/div>\n\t\t","protected":false},"excerpt":{"rendered":"<p>Neuropathie Optique Toxique Alcoolo-Tabagique \u00e0 Mbuji-Mayi (R\u00e9publique D\u00e9mocratique du Congo) Une \u00e9tude r\u00e9alis\u00e9e \u00e0 la Clinique Ophtalmologique Saint Rapha\u00ebl de Mbuji-Mayi, par le Dr Simon-Pierre Kasongo Builu,\u00a0 en collaboration avec la Facult\u00e9 de M\u00e9decine de l\u2019Universit\u00e9 de Kinshasa, s\u2019est int\u00e9ress\u00e9e aux effets de la consommation d\u2019alcool artisanal et de tabac sur la sant\u00e9 du nerf [&hellip;]<\/p>\n","protected":false},"author":1,"featured_media":0,"parent":0,"menu_order":0,"comment_status":"closed","ping_status":"closed","template":"","meta":{"footnotes":""},"class_list":["post-616","page","type-page","status-publish","hentry"],"_links":{"self":[{"href":"https:\/\/cormbj.com\/index.php?rest_route=\/wp\/v2\/pages\/616","targetHints":{"allow":["GET"]}}],"collection":[{"href":"https:\/\/cormbj.com\/index.php?rest_route=\/wp\/v2\/pages"}],"about":[{"href":"https:\/\/cormbj.com\/index.php?rest_route=\/wp\/v2\/types\/page"}],"author":[{"embeddable":true,"href":"https:\/\/cormbj.com\/index.php?rest_route=\/wp\/v2\/users\/1"}],"replies":[{"embeddable":true,"href":"https:\/\/cormbj.com\/index.php?rest_route=%2Fwp%2Fv2%2Fcomments&post=616"}],"version-history":[{"count":23,"href":"https:\/\/cormbj.com\/index.php?rest_route=\/wp\/v2\/pages\/616\/revisions"}],"predecessor-version":[{"id":971,"href":"https:\/\/cormbj.com\/index.php?rest_route=\/wp\/v2\/pages\/616\/revisions\/971"}],"wp:attachment":[{"href":"https:\/\/cormbj.com\/index.php?rest_route=%2Fwp%2Fv2%2Fmedia&parent=616"}],"curies":[{"name":"wp","href":"https:\/\/api.w.org\/{rel}","templated":true}]}}